{"id":343,"date":"2025-08-23T14:21:16","date_gmt":"2025-08-23T14:21:16","guid":{"rendered":"https:\/\/lagoon-solution.com\/?page_id=343"},"modified":"2026-03-04T19:04:33","modified_gmt":"2026-03-04T19:04:33","slug":"impressum","status":"publish","type":"page","link":"https:\/\/lagoon-solution.com\/en\/impressum\/","title":{"rendered":"Legal Notice"},"content":{"rendered":"<div data-elementor-type=\"wp-page\" data-elementor-id=\"343\" class=\"elementor elementor-343\" data-elementor-settings=\"{&quot;ha_cmc_init_switcher&quot;:&quot;no&quot;}\" data-elementor-post-type=\"page\">\n\t\t\t\t<div class=\"elementor-element elementor-element-53c6c94d e-flex e-con-boxed sc_layouts_column_icons_position_left e-con e-parent\" data-id=\"53c6c94d\" data-element_type=\"container\" data-e-type=\"container\" data-settings=\"{&quot;_ha_eqh_enable&quot;:false}\">\n\t\t\t\t\t<div class=\"e-con-inner\">\n\t\t\t\t<div class=\"elementor-element elementor-element-56e21281 sc_fly_static elementor-widget elementor-widget-text-editor\" data-id=\"56e21281\" data-element_type=\"widget\" data-e-type=\"widget\" data-widget_type=\"text-editor.default\">\n\t\t\t\t<div class=\"elementor-widget-container\">\n\t\t\t\t\t\t\t\t\t<h3 data-start=\"415\" data-end=\"445\"><strong data-start=\"419\" data-end=\"443\">Legal Notice<\/strong><\/h3>\n<p data-start=\"292\" data-end=\"408\"><strong data-start=\"292\" data-end=\"311\">Service Provider<\/strong><br data-start=\"311\" data-end=\"314\">Lagoon Solution d.o.o. za nauticki turizam i trgovinu<br data-start=\"367\" data-end=\"370\">Vi\u0161ka 19B<br data-start=\"379\" data-end=\"382\">22203 Rogoznica<br data-start=\"397\" data-end=\"400\">Croatia<\/p>\n<h3 data-start=\"415\" data-end=\"445\"><strong data-start=\"419\" data-end=\"443\">Contact Information<\/strong><\/h3>\n<p data-start=\"446\" data-end=\"622\">E-Mail: <strong data-start=\"454\" data-end=\"484\"><a class=\"decorated-link cursor-pointer\" rel=\"noopener\" data-start=\"456\" data-end=\"482\">office@lagoon-solution.com<\/a><\/strong><br data-start=\"484\" data-end=\"487\">Phone: <strong data-start=\"496\" data-end=\"516\">+43 664 88430308<\/strong><br data-start=\"516\" data-end=\"519\">Website: <strong data-start=\"528\" data-end=\"559\"><a class=\"decorated-link\" href=\"https:\/\/lagoon-solution.com\/en\/\" target=\"_new\" rel=\"noopener\" data-start=\"530\" data-end=\"557\">https:\/\/lagoon-solution.com<\/a><\/strong><br data-start=\"559\" data-end=\"562\">Contact form: <strong data-start=\"579\" data-end=\"622\"><a class=\"decorated-link\" href=\"https:\/\/lagoon-solution.com\/en\/contact-us\/\" target=\"_new\" rel=\"noopener\" data-start=\"581\" data-end=\"620\">https:\/\/lagoon-solution.com\/contact-us\/<\/a><\/strong><\/p>\n<h4 data-start=\"629\" data-end=\"686\"><strong data-start=\"633\" data-end=\"684\">Authorized Directors (Management Board \u2013 Uprava)<\/strong><\/h4>\n<ul data-start=\"687\" data-end=\"750\">\n<li data-start=\"687\" data-end=\"719\">\n<p data-start=\"689\" data-end=\"719\"><strong data-start=\"689\" data-end=\"704\">Martin Hahn<\/strong>, \u010dlan uprave<\/p><\/li>\n<\/ul>\n<h4 data-start=\"757\" data-end=\"787\"><strong data-start=\"761\" data-end=\"785\">Company Register<\/strong><\/h4>\n<p data-start=\"788\" data-end=\"995\">Gef\u00fchrt bei: <strong data-start=\"801\" data-end=\"853\">Trgova\u010dki sud u Zadru \u2013 stalna slu\u017eba u \u0160ibeniku<\/strong><br data-start=\"853\" data-end=\"856\">Handelsregisternummer (MBS): <strong data-start=\"885\" data-end=\"898\">110146958<\/strong><br data-start=\"898\" data-end=\"901\">DZS-Unternehmensnummer (MB DZS): <strong data-start=\"934\" data-end=\"946\">06038271<\/strong><br data-start=\"946\" data-end=\"949\">OIB (kroatische Steuernummer): <strong data-start=\"980\" data-end=\"995\">88887640757<\/strong><\/p>\n<h4 data-start=\"1002\" data-end=\"1026\"><strong data-start=\"1006\" data-end=\"1024\">Date of Incorporation<\/strong><\/h4>\n<p data-start=\"1027\" data-end=\"1037\">20.11.2024<\/p>\n<h4 data-start=\"1044\" data-end=\"1082\"><strong data-start=\"1048\" data-end=\"1080\">Business Activity (NKD Classification)<\/strong><\/h4>\n<p data-start=\"1083\" data-end=\"1221\"><strong data-start=\"1083\" data-end=\"1169\">O 77340 \u2013 Iznajmljivanje i davanje u zakup (leasing) plovnih prijevoznih sredstava<\/strong><br data-start=\"1169\" data-end=\"1172\">Rental and leasing of water transportation equipment<\/p>\n<h4 data-start=\"921\" data-end=\"1228\"><strong data-start=\"921\" data-end=\"973\">EU Online Dispute Resolution (Art. 14(1) ODR-Regulation)<\/strong><\/h4>\n<p data-start=\"921\" data-end=\"1228\">The European Commission provides a platform for online dispute resolution:<br data-start=\"1059\" data-end=\"1062\"><a class=\"decorated-link\" href=\"https:\/\/ec.europa.eu\/consumers\/odr\/\" target=\"_new\" rel=\"noopener\" data-start=\"1062\" data-end=\"1097\">https:\/\/ec.europa.eu\/consumers\/odr\/<\/a><br data-start=\"1097\" data-end=\"1100\">We are neither obligated nor willing to participate in dispute resolution proceedings before a consumer arbitration board.<\/p>\n<p data-start=\"921\" data-end=\"1228\"><strong data-start=\"133\" data-end=\"167\">Image Credits \/ Sources<\/strong><br data-start=\"167\" data-end=\"170\">The images used on this website originate primarily from <em data-start=\"236\" data-end=\"253\">Lagoon Solution<\/em>.<br data-start=\"254\" data-end=\"257\">Additionally, selected stock photos from Canva are used. <em data-start=\"302\" data-end=\"309\">Canva<\/em> genutzt.<br data-start=\"318\" data-end=\"321\">The website theme was obtained via Envato Elements (Provider: ThemeRex <em data-start=\"361\" data-end=\"378\">Envato Elements<\/em> bezogen (Anbieter: <em data-start=\"398\" data-end=\"408\">ThemeRex<\/em>).<\/p>\n<p><!-- \/wp:heading --><!-- wp:paragraph --><\/p>\t\t\t\t\t\t\t\t<\/div>\n\t\t\t\t<\/div>\n\t\t\t\t\t<\/div>\n\t\t\t\t<\/div>\n\t\t\t\t<\/div>","protected":false},"excerpt":{"rendered":"<p>Impressum DiensteanbieterLagoon Solution d.o.o. za nauticki turizam i trgovinuVi\u0161ka 19B22203 RogoznicaKroatien Kontaktm\u00f6glichkeiten E-Mail: office@lagoon-solution.comTelefon: +43 664 88430308Website: https:\/\/lagoon-solution.comKontaktformular: https:\/\/lagoon-solution.com\/contact-us\/ Vertretungsberechtigte Gesch\u00e4ftsf\u00fchrer (Uprava) Martin Hahn, \u010dlan uprave Unternehmensregister Gef\u00fchrt bei: Trgova\u010dki&hellip;<\/p>","protected":false},"author":1,"featured_media":0,"parent":0,"menu_order":0,"comment_status":"closed","ping_status":"closed","template":"","meta":{"footnotes":""},"class_list":["post-343","page","type-page","status-publish","hentry"],"yoast_head":"<!-- This site is optimized with the Yoast SEO plugin v27.4 - https:\/\/yoast.com\/product\/yoast-seo-wordpress\/ -->\n<title>Impressum - Lagoon Solution<\/title>\n<meta name=\"robots\" content=\"index, follow, max-snippet:-1, max-image-preview:large, max-video-preview:-1\" \/>\n<link rel=\"canonical\" href=\"https:\/\/lagoon-solution.com\/en\/impressum\/\" \/>\n<meta property=\"og:locale\" content=\"en_US\" \/>\n<meta property=\"og:type\" content=\"article\" \/>\n<meta property=\"og:title\" content=\"Impressum - Lagoon Solution\" \/>\n<meta property=\"og:description\" content=\"Impressum DiensteanbieterLagoon Solution d.o.o. za nauticki turizam i trgovinuVi\u0161ka 19B22203 RogoznicaKroatien Kontaktm\u00f6glichkeiten E-Mail: office@lagoon-solution.comTelefon: +43 664 88430308Website: https:\/\/lagoon-solution.comKontaktformular: https:\/\/lagoon-solution.com\/contact-us\/ Vertretungsberechtigte Gesch\u00e4ftsf\u00fchrer (Uprava) Martin Hahn, \u010dlan uprave Unternehmensregister Gef\u00fchrt bei: Trgova\u010dki&hellip;\" \/>\n<meta property=\"og:url\" content=\"https:\/\/lagoon-solution.com\/en\/impressum\/\" \/>\n<meta property=\"og:site_name\" content=\"Lagoon Solution\" \/>\n<meta property=\"article:modified_time\" content=\"2026-03-04T19:04:33+00:00\" \/>\n<meta name=\"twitter:card\" content=\"summary_large_image\" \/>\n<meta name=\"twitter:label1\" content=\"Est. reading time\" \/>\n\t<meta name=\"twitter:data1\" content=\"1 minute\" \/>\n<script type=\"application\/ld+json\" class=\"yoast-schema-graph\">{\"@context\":\"https:\\\/\\\/schema.org\",\"@graph\":[{\"@type\":\"WebPage\",\"@id\":\"https:\\\/\\\/lagoon-solution.com\\\/impressum\\\/\",\"url\":\"https:\\\/\\\/lagoon-solution.com\\\/impressum\\\/\",\"name\":\"Impressum - Lagoon Solution\",\"isPartOf\":{\"@id\":\"https:\\\/\\\/lagoon-solution.com\\\/#website\"},\"datePublished\":\"2025-08-23T14:21:16+00:00\",\"dateModified\":\"2026-03-04T19:04:33+00:00\",\"breadcrumb\":{\"@id\":\"https:\\\/\\\/lagoon-solution.com\\\/impressum\\\/#breadcrumb\"},\"inLanguage\":\"en-US\",\"potentialAction\":[{\"@type\":\"ReadAction\",\"target\":[\"https:\\\/\\\/lagoon-solution.com\\\/impressum\\\/\"]}]},{\"@type\":\"BreadcrumbList\",\"@id\":\"https:\\\/\\\/lagoon-solution.com\\\/impressum\\\/#breadcrumb\",\"itemListElement\":[{\"@type\":\"ListItem\",\"position\":1,\"name\":\"Startseite\",\"item\":\"https:\\\/\\\/lagoon-solution.com\\\/\"},{\"@type\":\"ListItem\",\"position\":2,\"name\":\"Impressum\"}]},{\"@type\":\"WebSite\",\"@id\":\"https:\\\/\\\/lagoon-solution.com\\\/#website\",\"url\":\"https:\\\/\\\/lagoon-solution.com\\\/\",\"name\":\"Lagoon Solution\",\"description\":\"Boat Services WordPress Theme\",\"publisher\":{\"@id\":\"https:\\\/\\\/lagoon-solution.com\\\/#organization\"},\"potentialAction\":[{\"@type\":\"SearchAction\",\"target\":{\"@type\":\"EntryPoint\",\"urlTemplate\":\"https:\\\/\\\/lagoon-solution.com\\\/?s={search_term_string}\"},\"query-input\":{\"@type\":\"PropertyValueSpecification\",\"valueRequired\":true,\"valueName\":\"search_term_string\"}}],\"inLanguage\":\"en-US\"},{\"@type\":\"Organization\",\"@id\":\"https:\\\/\\\/lagoon-solution.com\\\/#organization\",\"name\":\"Lagoon Solution\",\"url\":\"https:\\\/\\\/lagoon-solution.com\\\/\",\"logo\":{\"@type\":\"ImageObject\",\"inLanguage\":\"en-US\",\"@id\":\"https:\\\/\\\/lagoon-solution.com\\\/#\\\/schema\\\/logo\\\/image\\\/\",\"url\":\"https:\\\/\\\/lagoon-solution.com\\\/wp-content\\\/uploads\\\/2025\\\/08\\\/Solution_Logo_positiv-scaled.png\",\"contentUrl\":\"https:\\\/\\\/lagoon-solution.com\\\/wp-content\\\/uploads\\\/2025\\\/08\\\/Solution_Logo_positiv-scaled.png\",\"width\":2560,\"height\":1810,\"caption\":\"Lagoon Solution\"},\"image\":{\"@id\":\"https:\\\/\\\/lagoon-solution.com\\\/#\\\/schema\\\/logo\\\/image\\\/\"}}]}<\/script>\n<!-- \/ Yoast SEO plugin. -->","yoast_head_json":{"title":"Impressum - Lagoon Solution","robots":{"index":"index","follow":"follow","max-snippet":"max-snippet:-1","max-image-preview":"max-image-preview:large","max-video-preview":"max-video-preview:-1"},"canonical":"https:\/\/lagoon-solution.com\/en\/impressum\/","og_locale":"en_US","og_type":"article","og_title":"Impressum - Lagoon Solution","og_description":"Impressum DiensteanbieterLagoon Solution d.o.o. za nauticki turizam i trgovinuVi\u0161ka 19B22203 RogoznicaKroatien Kontaktm\u00f6glichkeiten E-Mail: office@lagoon-solution.comTelefon: +43 664 88430308Website: https:\/\/lagoon-solution.comKontaktformular: https:\/\/lagoon-solution.com\/contact-us\/ Vertretungsberechtigte Gesch\u00e4ftsf\u00fchrer (Uprava) Martin Hahn, \u010dlan uprave Unternehmensregister Gef\u00fchrt bei: Trgova\u010dki&hellip;","og_url":"https:\/\/lagoon-solution.com\/en\/impressum\/","og_site_name":"Lagoon Solution","article_modified_time":"2026-03-04T19:04:33+00:00","twitter_card":"summary_large_image","twitter_misc":{"Est. reading time":"1 minute"},"schema":{"@context":"https:\/\/schema.org","@graph":[{"@type":"WebPage","@id":"https:\/\/lagoon-solution.com\/impressum\/","url":"https:\/\/lagoon-solution.com\/impressum\/","name":"Impressum - Lagoon Solution","isPartOf":{"@id":"https:\/\/lagoon-solution.com\/#website"},"datePublished":"2025-08-23T14:21:16+00:00","dateModified":"2026-03-04T19:04:33+00:00","breadcrumb":{"@id":"https:\/\/lagoon-solution.com\/impressum\/#breadcrumb"},"inLanguage":"en-US","potentialAction":[{"@type":"ReadAction","target":["https:\/\/lagoon-solution.com\/impressum\/"]}]},{"@type":"BreadcrumbList","@id":"https:\/\/lagoon-solution.com\/impressum\/#breadcrumb","itemListElement":[{"@type":"ListItem","position":1,"name":"Startseite","item":"https:\/\/lagoon-solution.com\/"},{"@type":"ListItem","position":2,"name":"Impressum"}]},{"@type":"WebSite","@id":"https:\/\/lagoon-solution.com\/#website","url":"https:\/\/lagoon-solution.com\/","name":"Lagoon Solution","description":"Boat Services WordPress Theme","publisher":{"@id":"https:\/\/lagoon-solution.com\/#organization"},"potentialAction":[{"@type":"SearchAction","target":{"@type":"EntryPoint","urlTemplate":"https:\/\/lagoon-solution.com\/?s={search_term_string}"},"query-input":{"@type":"PropertyValueSpecification","valueRequired":true,"valueName":"search_term_string"}}],"inLanguage":"en-US"},{"@type":"Organization","@id":"https:\/\/lagoon-solution.com\/#organization","name":"Lagoon Solution","url":"https:\/\/lagoon-solution.com\/","logo":{"@type":"ImageObject","inLanguage":"en-US","@id":"https:\/\/lagoon-solution.com\/#\/schema\/logo\/image\/","url":"https:\/\/lagoon-solution.com\/wp-content\/uploads\/2025\/08\/Solution_Logo_positiv-scaled.png","contentUrl":"https:\/\/lagoon-solution.com\/wp-content\/uploads\/2025\/08\/Solution_Logo_positiv-scaled.png","width":2560,"height":1810,"caption":"Lagoon Solution"},"image":{"@id":"https:\/\/lagoon-solution.com\/#\/schema\/logo\/image\/"}}]}},"_links":{"self":[{"href":"https:\/\/lagoon-solution.com\/en\/wp-json\/wp\/v2\/pages\/343","targetHints":{"allow":["GET"]}}],"collection":[{"href":"https:\/\/lagoon-solution.com\/en\/wp-json\/wp\/v2\/pages"}],"about":[{"href":"https:\/\/lagoon-solution.com\/en\/wp-json\/wp\/v2\/types\/page"}],"author":[{"embeddable":true,"href":"https:\/\/lagoon-solution.com\/en\/wp-json\/wp\/v2\/users\/1"}],"replies":[{"embeddable":true,"href":"https:\/\/lagoon-solution.com\/en\/wp-json\/wp\/v2\/comments?post=343"}],"version-history":[{"count":31,"href":"https:\/\/lagoon-solution.com\/en\/wp-json\/wp\/v2\/pages\/343\/revisions"}],"predecessor-version":[{"id":3866,"href":"https:\/\/lagoon-solution.com\/en\/wp-json\/wp\/v2\/pages\/343\/revisions\/3866"}],"wp:attachment":[{"href":"https:\/\/lagoon-solution.com\/en\/wp-json\/wp\/v2\/media?parent=343"}],"curies":[{"name":"wp","href":"https:\/\/api.w.org\/{rel}","templated":true}]}}