{"id":1629,"date":"2025-11-06T10:40:05","date_gmt":"2025-11-06T10:40:05","guid":{"rendered":"https:\/\/lagoon-solution.com\/?page_id=1629"},"modified":"2025-11-22T18:08:35","modified_gmt":"2025-11-22T18:08:35","slug":"booking","status":"publish","type":"page","link":"https:\/\/lagoon-solution.com\/en\/booking\/","title":{"rendered":"Booking"},"content":{"rendered":"<div data-elementor-type=\"wp-page\" data-elementor-id=\"1629\" class=\"elementor elementor-1629\" data-elementor-settings=\"{&quot;ha_cmc_init_switcher&quot;:&quot;no&quot;}\" data-elementor-post-type=\"page\">\n\t\t\t\t<div class=\"e-con-gap-no elementor-element elementor-element-f625717 e-flex e-con-boxed sc_layouts_column_icons_position_left e-con e-parent\" data-id=\"f625717\" data-element_type=\"container\" data-e-type=\"container\" data-settings=\"{&quot;_ha_eqh_enable&quot;:false}\">\n\t\t\t\t\t<div class=\"e-con-inner\">\n\t\t\t\t\t<\/div>\n\t\t\t\t<\/div>\n\t\t<div class=\"e-con-gap-no elementor-element elementor-element-547a785 e-flex e-con-boxed sc_layouts_column_icons_position_left e-con e-parent\" data-id=\"547a785\" data-element_type=\"container\" data-e-type=\"container\" data-settings=\"{&quot;_ha_eqh_enable&quot;:false}\">\n\t\t\t\t\t<div class=\"e-con-inner\">\n\t\t\t\t\t<\/div>\n\t\t\t\t<\/div>\n\t\t\t\t<section class=\"elementor-section elementor-top-section elementor-element elementor-element-f250de9 elementor-section-content-middle scheme_dark elementor-section-full_width elementor-section-height-default elementor-section-height-default sc_fly_static\" data-id=\"f250de9\" data-element_type=\"section\" data-e-type=\"section\" data-settings=\"{&quot;background_background&quot;:&quot;classic&quot;,&quot;background_motion_fx_motion_fx_scrolling&quot;:&quot;yes&quot;,&quot;background_motion_fx_blur_effect&quot;:&quot;yes&quot;,&quot;background_motion_fx_blur_level&quot;:{&quot;unit&quot;:&quot;px&quot;,&quot;size&quot;:3,&quot;sizes&quot;:[]},&quot;background_motion_fx_blur_direction&quot;:&quot;out-in&quot;,&quot;background_motion_fx_blur_range&quot;:{&quot;unit&quot;:&quot;%&quot;,&quot;size&quot;:&quot;&quot;,&quot;sizes&quot;:{&quot;start&quot;:20,&quot;end&quot;:80}},&quot;background_motion_fx_devices&quot;:[&quot;desktop&quot;,&quot;tablet&quot;,&quot;mobile&quot;],&quot;_ha_eqh_enable&quot;:false}\">\n\t\t\t\t\t\t\t<div class=\"elementor-background-overlay\"><\/div>\n\t\t\t\t\t\t\t<div class=\"elementor-container elementor-column-gap-no\">\n\t\t\t\t\t<div class=\"elementor-column elementor-col-100 elementor-top-column elementor-element elementor-element-b38c7e3 sc-mobile_content_align_inherit sc_content_align_inherit sc_layouts_column_icons_position_left sc_fly_static\" data-id=\"b38c7e3\" data-element_type=\"column\" data-e-type=\"column\">\n\t\t\t<div class=\"elementor-widget-wrap elementor-element-populated\">\n\t\t\t\t\t\t<div class=\"elementor-element elementor-element-412f400 sc_layouts_hide_on_tablet sc_layouts_hide_on_mobile sc_fly_static elementor-widget elementor-widget-spacer\" data-id=\"412f400\" data-element_type=\"widget\" data-e-type=\"widget\" data-widget_type=\"spacer.default\">\n\t\t\t\t<div class=\"elementor-widget-container\">\n\t\t\t\t\t\t\t<div class=\"elementor-spacer\">\n\t\t\t<div class=\"elementor-spacer-inner\"><\/div>\n\t\t<\/div>\n\t\t\t\t\t\t<\/div>\n\t\t\t\t<\/div>\n\t\t\t\t<div class=\"elementor-element elementor-element-ed16c23 sc_height_huge sc_fly_static elementor-widget elementor-widget-spacer\" data-id=\"ed16c23\" data-element_type=\"widget\" data-e-type=\"widget\" data-widget_type=\"spacer.default\">\n\t\t\t\t<div class=\"elementor-widget-container\">\n\t\t\t\t\t\t\t<div class=\"elementor-spacer\">\n\t\t\t<div class=\"elementor-spacer-inner\"><\/div>\n\t\t<\/div>\n\t\t\t\t\t\t<\/div>\n\t\t\t\t<\/div>\n\t\t\t\t<section class=\"elementor-section elementor-inner-section elementor-element elementor-element-34734f3 elementor-section-content-middle elementor-section-boxed elementor-section-height-default elementor-section-height-default sc_fly_static\" data-id=\"34734f3\" data-element_type=\"section\" data-e-type=\"section\" data-settings=\"{&quot;_ha_eqh_enable&quot;:false}\">\n\t\t\t\t\t\t<div class=\"elementor-container elementor-column-gap-extended\">\n\t\t\t\t\t<div class=\"elementor-column elementor-col-50 elementor-inner-column elementor-element elementor-element-c3087a3 sc_content_align_inherit sc_layouts_column_icons_position_left sc_fly_static\" data-id=\"c3087a3\" data-element_type=\"column\" data-e-type=\"column\">\n\t\t\t<div class=\"elementor-widget-wrap elementor-element-populated\">\n\t\t\t\t\t\t<div data-animation-type=\"block\" class=\"elementor-element elementor-element-6377a32 animation_type_block sc_fly_static elementor-invisible elementor-widget elementor-widget-trx_sc_title\" data-id=\"6377a32\" data-element_type=\"widget\" data-e-type=\"widget\" data-settings=\"{&quot;_animation&quot;:&quot;yacht_rental-fadeinup&quot;}\" data-widget_type=\"trx_sc_title.default\">\n\t\t\t\t<div class=\"elementor-widget-container\">\n\t\t\t\t\t<div\t\tclass=\"sc_title sc_title_default\" ><h2 class=\"sc_item_title sc_title_title sc_item_title_style_default\"\n\t\t\t><span class=\"sc_item_title_text\">Booking<\/span><\/h2><\/div>\t\t\t\t<\/div>\n\t\t\t\t<\/div>\n\t\t\t\t\t<\/div>\n\t\t<\/div>\n\t\t\t\t<div class=\"elementor-column elementor-col-50 elementor-inner-column elementor-element elementor-element-669d058 sc_layouts_column_align_right sc_layouts_column sc-mobile_layouts_column_align_left sc_layouts_column sc_content_align_inherit sc_layouts_column_icons_position_left sc_fly_static\" data-id=\"669d058\" data-element_type=\"column\" data-e-type=\"column\">\n\t\t\t<div class=\"elementor-widget-wrap elementor-element-populated\">\n\t\t\t\t\t\t<div class=\"elementor-element elementor-element-d700f7a sc_layouts_hide_on_wide sc_layouts_hide_on_desktop sc_layouts_hide_on_notebook sc_layouts_hide_on_tablet sc_fly_static elementor-widget elementor-widget-spacer\" data-id=\"d700f7a\" data-element_type=\"widget\" data-e-type=\"widget\" data-widget_type=\"spacer.default\">\n\t\t\t\t<div class=\"elementor-widget-container\">\n\t\t\t\t\t\t\t<div class=\"elementor-spacer\">\n\t\t\t<div class=\"elementor-spacer-inner\"><\/div>\n\t\t<\/div>\n\t\t\t\t\t\t<\/div>\n\t\t\t\t<\/div>\n\t\t\t\t\t<\/div>\n\t\t<\/div>\n\t\t\t\t\t<\/div>\n\t\t<\/section>\n\t\t\t\t<div class=\"elementor-element elementor-element-6fae1fb sc_height_huge sc_fly_static elementor-widget elementor-widget-spacer\" data-id=\"6fae1fb\" data-element_type=\"widget\" data-e-type=\"widget\" data-widget_type=\"spacer.default\">\n\t\t\t\t<div class=\"elementor-widget-container\">\n\t\t\t\t\t\t\t<div class=\"elementor-spacer\">\n\t\t\t<div class=\"elementor-spacer-inner\"><\/div>\n\t\t<\/div>\n\t\t\t\t\t\t<\/div>\n\t\t\t\t<\/div>\n\t\t\t\t<div class=\"elementor-element elementor-element-886a846 sc_layouts_hide_on_tablet sc_layouts_hide_on_mobile sc_fly_static elementor-widget elementor-widget-spacer\" data-id=\"886a846\" data-element_type=\"widget\" data-e-type=\"widget\" data-widget_type=\"spacer.default\">\n\t\t\t\t<div class=\"elementor-widget-container\">\n\t\t\t\t\t\t\t<div class=\"elementor-spacer\">\n\t\t\t<div class=\"elementor-spacer-inner\"><\/div>\n\t\t<\/div>\n\t\t\t\t\t\t<\/div>\n\t\t\t\t<\/div>\n\t\t\t\t\t<\/div>\n\t\t<\/div>\n\t\t\t\t\t<\/div>\n\t\t<\/section>\n\t\t<div class=\"elementor-element elementor-element-6517114 e-flex e-con-boxed sc_layouts_column_icons_position_left e-con e-parent\" data-id=\"6517114\" data-element_type=\"container\" data-e-type=\"container\" data-settings=\"{&quot;background_background&quot;:&quot;classic&quot;,&quot;_ha_eqh_enable&quot;:false}\">\n\t\t\t\t\t<div class=\"e-con-inner\">\n\t\t<div class=\"elementor-element elementor-element-247c4c1 e-con-full e-flex sc_layouts_column_icons_position_left e-con e-child\" data-id=\"247c4c1\" data-element_type=\"container\" data-e-type=\"container\" data-settings=\"{&quot;background_background&quot;:&quot;classic&quot;,&quot;_ha_eqh_enable&quot;:false}\">\n\t\t<div class=\"elementor-element elementor-element-e18e481 e-con-full e-flex sc_layouts_column_icons_position_left e-con e-child\" data-id=\"e18e481\" data-element_type=\"container\" data-e-type=\"container\" data-settings=\"{&quot;_ha_eqh_enable&quot;:false}\">\n\t\t\t\t<div class=\"elementor-element elementor-element-ee5fc05 sc_fly_static elementor-widget elementor-widget-heading\" data-id=\"ee5fc05\" data-element_type=\"widget\" data-e-type=\"widget\" data-widget_type=\"heading.default\">\n\t\t\t\t<div class=\"elementor-widget-container\">\n\t\t\t\t\t<h2 class=\"elementor-heading-title elementor-size-default\">Book the moment, not just the boat<\/h2>\t\t\t\t<\/div>\n\t\t\t\t<\/div>\n\t\t\t\t<div class=\"elementor-element elementor-element-db8dec6 sc_fly_static elementor-widget elementor-widget-text-editor\" data-id=\"db8dec6\" data-element_type=\"widget\" data-e-type=\"widget\" data-widget_type=\"text-editor.default\">\n\t\t\t\t<div class=\"elementor-widget-container\">\n\t\t\t\t\t\t\t\t\t<p data-start=\"382\" data-end=\"509\">Has Lagoon Solution convinced you? Then simply send us your <a href=\"\/en\/booking\/\">booking request<\/a> for the Lagoon Solution via the form \u2013 we will get back to you shortly.<\/p><p data-pm-slice=\"0 0 []\">Rentals are available exclusively <strong>on a weekly basis from Saturday to Saturday<\/strong>. The <strong>Handover<\/strong> takes place <strong>on Saturday at around 4:00 PM<\/strong>. On <strong>friday<\/strong>, the day before return, <strong>the catamaran must be fully refueled<\/strong> in <strong>Marina Frapa<\/strong> You are welcome to stay on board overnight until Saturday.<\/p><p>\u00a0<\/p>\t\t\t\t\t\t\t\t<\/div>\n\t\t\t\t<\/div>\n\t\t\t\t<\/div>\n\t\t<div class=\"elementor-element elementor-element-f66ff96 e-con-full e-flex sc_layouts_column_icons_position_left e-con e-child\" data-id=\"f66ff96\" data-element_type=\"container\" data-e-type=\"container\" data-settings=\"{&quot;background_background&quot;:&quot;classic&quot;,&quot;_ha_eqh_enable&quot;:false}\">\n\t\t\t\t<div class=\"elementor-element elementor-element-2c7ec7f sc_fly_static elementor-widget elementor-widget-trx_sc_contact_form_7\" data-id=\"2c7ec7f\" data-element_type=\"widget\" data-e-type=\"widget\" data-widget_type=\"trx_sc_contact_form_7.default\">\n\t\t\t\t<div class=\"elementor-widget-container\">\n\t\t\t\t\t\n<div class=\"wpcf7 no-js\" id=\"wpcf7-f37-o1\" lang=\"de-DE\" dir=\"ltr\" data-wpcf7-id=\"37\">\n<div class=\"screen-reader-response\"><p role=\"status\" aria-live=\"polite\" aria-atomic=\"true\"><\/p> <ul><\/ul><\/div>\n<form action=\"\/en\/wp-json\/wp\/v2\/pages\/1629#wpcf7-f37-o1\" method=\"post\" class=\"wpcf7-form init\" aria-label=\"Kontaktformular\" novalidate=\"novalidate\" data-status=\"init\" data-trp-original-action=\"\/en\/wp-json\/wp\/v2\/pages\/1629#wpcf7-f37-o1\">\n<fieldset class=\"hidden-fields-container\"><input type=\"hidden\" name=\"_wpcf7\" value=\"37\" \/><input type=\"hidden\" name=\"_wpcf7_version\" value=\"6.1.1\" \/><input type=\"hidden\" name=\"_wpcf7_locale\" value=\"de_DE\" \/><input type=\"hidden\" name=\"_wpcf7_unit_tag\" value=\"wpcf7-f37-o1\" \/><input type=\"hidden\" name=\"_wpcf7_container_post\" value=\"0\" \/><input type=\"hidden\" name=\"_wpcf7_posted_data_hash\" value=\"\" \/>\n<\/fieldset>\n<p><label>First name<br \/>\n<span class=\"wpcf7-form-control-wrap\" data-name=\"vorname\"><input size=\"40\" maxlength=\"400\" class=\"wpcf7-form-control wpcf7-text wpcf7-validates-as-required\" aria-required=\"true\" aria-invalid=\"false\" value=\"\" type=\"text\" name=\"vorname\" \/><\/span> <\/label>\n<\/p>\n<p><label>Last name<br \/>\n<span class=\"wpcf7-form-control-wrap\" data-name=\"nachname\"><input size=\"40\" maxlength=\"400\" class=\"wpcf7-form-control wpcf7-text wpcf7-validates-as-required\" aria-required=\"true\" aria-invalid=\"false\" value=\"\" type=\"text\" name=\"nachname\" \/><\/span> <\/label>\n<\/p>\n<p><label>E-Mail<br \/>\n<span class=\"wpcf7-form-control-wrap\" data-name=\"email\"><input size=\"40\" maxlength=\"400\" class=\"wpcf7-form-control wpcf7-email wpcf7-validates-as-required wpcf7-text wpcf7-validates-as-email\" aria-required=\"true\" aria-invalid=\"false\" value=\"\" type=\"email\" name=\"email\" \/><\/span> <\/label>\n<\/p>\n<p><label>Phone number<br \/>\n<span class=\"wpcf7-form-control-wrap\" data-name=\"telefon\"><input size=\"40\" maxlength=\"400\" class=\"wpcf7-form-control wpcf7-tel wpcf7-validates-as-required wpcf7-text wpcf7-validates-as-tel\" aria-required=\"true\" aria-invalid=\"false\" value=\"\" type=\"tel\" name=\"telefon\" \/><\/span> <\/label>\n<\/p>\n<p><label>Start date (Saturdays only)<br \/>\n<span class=\"wpcf7-form-control-wrap\" data-name=\"startdatum\"><input class=\"wpcf7-form-control wpcf7-date wpcf7-validates-as-required wpcf7-validates-as-date\" id=\"startdatum\" min=\"2025-01-04\" step=\"7\" aria-required=\"true\" aria-invalid=\"false\" value=\"\" type=\"date\" name=\"startdatum\" \/><\/span><br \/>\n<\/label>\n<\/p>\n<p><label>End date (Saturdays only)<br \/>\n<span class=\"wpcf7-form-control-wrap\" data-name=\"enddatum\"><input class=\"wpcf7-form-control wpcf7-date wpcf7-validates-as-required wpcf7-validates-as-date\" id=\"enddatum\" min=\"2025-01-11\" step=\"7\" aria-required=\"true\" aria-invalid=\"false\" value=\"\" type=\"date\" name=\"enddatum\" \/><\/span><br \/>\n<\/label>\n<\/p>\n<p><label>Message or special requests<br \/>\n<span class=\"wpcf7-form-control-wrap\" data-name=\"nachricht\"><textarea cols=\"40\" rows=\"10\" maxlength=\"2000\" class=\"wpcf7-form-control wpcf7-textarea\" aria-invalid=\"false\" name=\"nachricht\"><\/textarea><\/span> <\/label>\n<\/p>\n<p><span id=\"wpcf7-69f21a16aea2e-wrapper\" class=\"wpcf7-form-control-wrap cf7-hp-wrap\" style=\"display:none !important; visibility:hidden !important;\"><label for=\"wpcf7-69f21a16aea2e-field\" class=\"hp-message\">Bitte lasse dieses Feld leer.<\/label><input id=\"wpcf7-69f21a16aea2e-field\"  class=\"wpcf7-form-control wpcf7-text\" type=\"text\" name=\"cf7-hp\" value=\"\" size=\"40\" tabindex=\"-1\" autocomplete=\"new-password\" \/><\/span>\n<\/p>\n<p><input class=\"wpcf7-form-control wpcf7-submit has-spinner\" type=\"submit\" value=\"Send Request\" \/>\n<\/p><div class=\"wpcf7-response-output\" aria-hidden=\"true\"><\/div>\n<input type=\"hidden\" name=\"trp-form-language\" value=\"en\"\/><\/form>\n<\/div>\n\t\t\t\t<\/div>\n\t\t\t\t<\/div>\n\t\t\t\t<\/div>\n\t\t\t\t<\/div>\n\t\t\t\t\t<\/div>\n\t\t\t\t<\/div>\n\t\t<div class=\"elementor-element elementor-element-f9e1e86 e-flex e-con-boxed sc_layouts_column_icons_position_left e-con e-parent\" data-id=\"f9e1e86\" data-element_type=\"container\" data-e-type=\"container\" data-settings=\"{&quot;_ha_eqh_enable&quot;:false}\">\n\t\t\t\t\t<div class=\"e-con-inner\">\n\t\t\t\t<div class=\"elementor-element elementor-element-4b11b14 sc_fly_static elementor-widget elementor-widget-html\" data-id=\"4b11b14\" data-element_type=\"widget\" data-e-type=\"widget\" data-widget_type=\"html.default\">\n\t\t\t\t<div class=\"elementor-widget-container\">\n\t\t\t\t\t<script>\ndocument.addEventListener('DOMContentLoaded', () => {\n  function fixButton() {\n    document.querySelectorAll('.wpcf7-submit').forEach(btn => {\n      btn.style.setProperty('background-color', '#fff', 'important');\n      btn.style.setProperty('color', '#051C3C', 'important');\n      btn.style.setProperty('border', 'none', 'important');\n      btn.style.setProperty('transition', 'all 0.3s ease', 'important');\n\n      btn.addEventListener('mouseenter', () => {\n        btn.style.setProperty('background-color', '#f1f1f1', 'important');\n        btn.style.setProperty('transform', 'scale(1.05)', 'important');\n      });\n      btn.addEventListener('mouseleave', () => {\n        btn.style.setProperty('background-color', '#fff', 'important');\n        btn.style.setProperty('transform', 'scale(1)', 'important');\n      });\n    });\n  }\n\n  \/\/ Sofort ausf\u00fchren\n  fixButton();\n\n  \/\/ Wiederholen, falls CF7 neu rendert oder Spinner entfernt\n  const observer = new MutationObserver(fixButton);\n  observer.observe(document.body, { childList: true, subtree: true });\n\n  \/\/ Sicherheitshalber alle paar Sekunden erneut pr\u00fcfen\n  setInterval(fixButton, 1500);\n});\n<\/script>\n\t\t\t\t<\/div>\n\t\t\t\t<\/div>\n\t\t\t\t\t<\/div>\n\t\t\t\t<\/div>\n\t\t\t\t<section class=\"elementor-section elementor-top-section elementor-element elementor-element-e8b8a41 elementor-section-full_width elementor-section-height-min-height elementor-section-height-default elementor-section-items-middle sc_fly_static\" data-id=\"e8b8a41\" data-element_type=\"section\" data-e-type=\"section\" data-settings=\"{&quot;_ha_eqh_enable&quot;:false}\">\n\t\t\t\t\t\t<div class=\"elementor-container elementor-column-gap-extended\">\n\t\t\t\t\t<div class=\"elementor-column elementor-col-100 elementor-top-column elementor-element elementor-element-fa061dc sc_content_align_inherit sc_layouts_column_icons_position_left sc_fly_static\" data-id=\"fa061dc\" data-element_type=\"column\" data-e-type=\"column\">\n\t\t\t<div class=\"elementor-widget-wrap elementor-element-populated\">\n\t\t\t\t\t\t<div class=\"elementor-element elementor-element-b093794 sc_fly_static elementor-widget elementor-widget-trx_sc_googlemap\" data-id=\"b093794\" data-element_type=\"widget\" data-e-type=\"widget\" data-widget_type=\"trx_sc_googlemap.default\">\n\t\t\t\t<div class=\"elementor-widget-container\">\n\t\t\t\t\t<div id=\"sc_googlemap_1904384412_wrap\" class=\"sc_googlemap_wrap\"><div id=\"sc_googlemap_1904384412\"\t\t\tclass=\"sc_item_content sc_map sc_googlemap sc_googlemap_default trx_addons_inline_647847950\"\n\t\t\t \t\t\tdata-zoom=\"15\"\n\t\t\tdata-center=\"\"\n\t\t\tdata-style=\"extra\"\n\t\t\tdata-map-id=\"\"\n\t\t\tdata-cluster-icon=\"\"\n\t\t\t><iframe\n\t\t\t\t\t\tsrc=\"https:\/\/maps.google.com\/maps?t=m&output=embed&iwloc=near&z=15&q=43%C2%B0+31.8%2C15%C2%B0+57.8%E2%80%99\"\n\t\t\t\t\t\taria-label=\"\"><\/iframe><\/div><\/div>\t\t\t\t<\/div>\n\t\t\t\t<\/div>\n\t\t\t\t\t<\/div>\n\t\t<\/div>\n\t\t\t\t\t<\/div>\n\t\t<\/section>\n\t\t\t\t<\/div>","protected":false},"excerpt":{"rendered":"<p>Buchung Buchen Sie den Moment, nicht nur das Boot Na,\u00a0 hat Sie die Lagoon Solution \u00fcberzeugt? Dann senden Sie uns Ihre Buchungsanfrage f\u00fcr die Lagoon Solution bequem \u00fcber das Formular&hellip;<\/p>","protected":false},"author":1,"featured_media":0,"parent":0,"menu_order":0,"comment_status":"closed","ping_status":"closed","template":"","meta":{"footnotes":""},"class_list":["post-1629","page","type-page","status-publish","hentry"],"yoast_head":"<!-- This site is optimized with the Yoast SEO plugin v27.4 - https:\/\/yoast.com\/product\/yoast-seo-wordpress\/ -->\n<title>Catamaran Booking Croatia \u2013 Lagoon Solution<\/title>\n<meta name=\"description\" content=\"Book your Lagoon 43 catamaran in Croatia. Charters from Marina Frapa with full comfort and easy booking. Lagoon Solution in Dalmatia\" \/>\n<meta name=\"robots\" content=\"index, follow, max-snippet:-1, max-image-preview:large, max-video-preview:-1\" \/>\n<link rel=\"canonical\" href=\"https:\/\/lagoon-solution.com\/en\/booking\/\" \/>\n<meta property=\"og:locale\" content=\"en_US\" \/>\n<meta property=\"og:type\" content=\"article\" \/>\n<meta property=\"og:title\" content=\"Catamaran Booking Croatia \u2013 Lagoon Solution\" \/>\n<meta property=\"og:description\" content=\"Book your Lagoon 43 catamaran in Croatia. Charters from Marina Frapa with full comfort and easy booking. Lagoon Solution in Dalmatia\" \/>\n<meta property=\"og:url\" content=\"https:\/\/lagoon-solution.com\/en\/booking\/\" \/>\n<meta property=\"og:site_name\" content=\"Lagoon Solution\" \/>\n<meta property=\"article:modified_time\" content=\"2025-11-22T18:08:35+00:00\" \/>\n<meta name=\"twitter:card\" content=\"summary_large_image\" \/>\n<meta name=\"twitter:label1\" content=\"Est. reading time\" \/>\n\t<meta name=\"twitter:data1\" content=\"1 minute\" \/>\n<script type=\"application\/ld+json\" class=\"yoast-schema-graph\">{\"@context\":\"https:\\\/\\\/schema.org\",\"@graph\":[{\"@type\":\"WebPage\",\"@id\":\"https:\\\/\\\/lagoon-solution.com\\\/booking\\\/\",\"url\":\"https:\\\/\\\/lagoon-solution.com\\\/booking\\\/\",\"name\":\"Catamaran Booking Croatia \u2013 Lagoon Solution\",\"isPartOf\":{\"@id\":\"https:\\\/\\\/lagoon-solution.com\\\/#website\"},\"datePublished\":\"2025-11-06T10:40:05+00:00\",\"dateModified\":\"2025-11-22T18:08:35+00:00\",\"description\":\"Book your Lagoon 43 catamaran in Croatia. Charters from Marina Frapa with full comfort and easy booking. Lagoon Solution in Dalmatia\",\"breadcrumb\":{\"@id\":\"https:\\\/\\\/lagoon-solution.com\\\/booking\\\/#breadcrumb\"},\"inLanguage\":\"en-US\",\"potentialAction\":[{\"@type\":\"ReadAction\",\"target\":[\"https:\\\/\\\/lagoon-solution.com\\\/booking\\\/\"]}]},{\"@type\":\"BreadcrumbList\",\"@id\":\"https:\\\/\\\/lagoon-solution.com\\\/booking\\\/#breadcrumb\",\"itemListElement\":[{\"@type\":\"ListItem\",\"position\":1,\"name\":\"Startseite\",\"item\":\"https:\\\/\\\/lagoon-solution.com\\\/\"},{\"@type\":\"ListItem\",\"position\":2,\"name\":\"Buchung\"}]},{\"@type\":\"WebSite\",\"@id\":\"https:\\\/\\\/lagoon-solution.com\\\/#website\",\"url\":\"https:\\\/\\\/lagoon-solution.com\\\/\",\"name\":\"Lagoon Solution\",\"description\":\"Boat Services WordPress Theme\",\"publisher\":{\"@id\":\"https:\\\/\\\/lagoon-solution.com\\\/#organization\"},\"potentialAction\":[{\"@type\":\"SearchAction\",\"target\":{\"@type\":\"EntryPoint\",\"urlTemplate\":\"https:\\\/\\\/lagoon-solution.com\\\/?s={search_term_string}\"},\"query-input\":{\"@type\":\"PropertyValueSpecification\",\"valueRequired\":true,\"valueName\":\"search_term_string\"}}],\"inLanguage\":\"en-US\"},{\"@type\":\"Organization\",\"@id\":\"https:\\\/\\\/lagoon-solution.com\\\/#organization\",\"name\":\"Lagoon Solution\",\"url\":\"https:\\\/\\\/lagoon-solution.com\\\/\",\"logo\":{\"@type\":\"ImageObject\",\"inLanguage\":\"en-US\",\"@id\":\"https:\\\/\\\/lagoon-solution.com\\\/#\\\/schema\\\/logo\\\/image\\\/\",\"url\":\"https:\\\/\\\/lagoon-solution.com\\\/wp-content\\\/uploads\\\/2025\\\/08\\\/Solution_Logo_positiv-scaled.png\",\"contentUrl\":\"https:\\\/\\\/lagoon-solution.com\\\/wp-content\\\/uploads\\\/2025\\\/08\\\/Solution_Logo_positiv-scaled.png\",\"width\":2560,\"height\":1810,\"caption\":\"Lagoon Solution\"},\"image\":{\"@id\":\"https:\\\/\\\/lagoon-solution.com\\\/#\\\/schema\\\/logo\\\/image\\\/\"}}]}<\/script>\n<!-- \/ Yoast SEO plugin. -->","yoast_head_json":{"title":"Catamaran Booking Croatia \u2013 Lagoon Solution","description":"Book your Lagoon 43 catamaran in Croatia. Charters from Marina Frapa with full comfort and easy booking. Lagoon Solution in Dalmatia","robots":{"index":"index","follow":"follow","max-snippet":"max-snippet:-1","max-image-preview":"max-image-preview:large","max-video-preview":"max-video-preview:-1"},"canonical":"https:\/\/lagoon-solution.com\/en\/booking\/","og_locale":"en_US","og_type":"article","og_title":"Catamaran Booking Croatia \u2013 Lagoon Solution","og_description":"Book your Lagoon 43 catamaran in Croatia. Charters from Marina Frapa with full comfort and easy booking. Lagoon Solution in Dalmatia","og_url":"https:\/\/lagoon-solution.com\/en\/booking\/","og_site_name":"Lagoon Solution","article_modified_time":"2025-11-22T18:08:35+00:00","twitter_card":"summary_large_image","twitter_misc":{"Est. reading time":"1 minute"},"schema":{"@context":"https:\/\/schema.org","@graph":[{"@type":"WebPage","@id":"https:\/\/lagoon-solution.com\/booking\/","url":"https:\/\/lagoon-solution.com\/booking\/","name":"Catamaran Booking Croatia \u2013 Lagoon Solution","isPartOf":{"@id":"https:\/\/lagoon-solution.com\/#website"},"datePublished":"2025-11-06T10:40:05+00:00","dateModified":"2025-11-22T18:08:35+00:00","description":"Book your Lagoon 43 catamaran in Croatia. Charters from Marina Frapa with full comfort and easy booking. Lagoon Solution in Dalmatia","breadcrumb":{"@id":"https:\/\/lagoon-solution.com\/booking\/#breadcrumb"},"inLanguage":"en-US","potentialAction":[{"@type":"ReadAction","target":["https:\/\/lagoon-solution.com\/booking\/"]}]},{"@type":"BreadcrumbList","@id":"https:\/\/lagoon-solution.com\/booking\/#breadcrumb","itemListElement":[{"@type":"ListItem","position":1,"name":"Startseite","item":"https:\/\/lagoon-solution.com\/"},{"@type":"ListItem","position":2,"name":"Buchung"}]},{"@type":"WebSite","@id":"https:\/\/lagoon-solution.com\/#website","url":"https:\/\/lagoon-solution.com\/","name":"Lagoon Solution","description":"Boat Services WordPress Theme","publisher":{"@id":"https:\/\/lagoon-solution.com\/#organization"},"potentialAction":[{"@type":"SearchAction","target":{"@type":"EntryPoint","urlTemplate":"https:\/\/lagoon-solution.com\/?s={search_term_string}"},"query-input":{"@type":"PropertyValueSpecification","valueRequired":true,"valueName":"search_term_string"}}],"inLanguage":"en-US"},{"@type":"Organization","@id":"https:\/\/lagoon-solution.com\/#organization","name":"Lagoon Solution","url":"https:\/\/lagoon-solution.com\/","logo":{"@type":"ImageObject","inLanguage":"en-US","@id":"https:\/\/lagoon-solution.com\/#\/schema\/logo\/image\/","url":"https:\/\/lagoon-solution.com\/wp-content\/uploads\/2025\/08\/Solution_Logo_positiv-scaled.png","contentUrl":"https:\/\/lagoon-solution.com\/wp-content\/uploads\/2025\/08\/Solution_Logo_positiv-scaled.png","width":2560,"height":1810,"caption":"Lagoon Solution"},"image":{"@id":"https:\/\/lagoon-solution.com\/#\/schema\/logo\/image\/"}}]}},"_links":{"self":[{"href":"https:\/\/lagoon-solution.com\/en\/wp-json\/wp\/v2\/pages\/1629","targetHints":{"allow":["GET"]}}],"collection":[{"href":"https:\/\/lagoon-solution.com\/en\/wp-json\/wp\/v2\/pages"}],"about":[{"href":"https:\/\/lagoon-solution.com\/en\/wp-json\/wp\/v2\/types\/page"}],"author":[{"embeddable":true,"href":"https:\/\/lagoon-solution.com\/en\/wp-json\/wp\/v2\/users\/1"}],"replies":[{"embeddable":true,"href":"https:\/\/lagoon-solution.com\/en\/wp-json\/wp\/v2\/comments?post=1629"}],"version-history":[{"count":79,"href":"https:\/\/lagoon-solution.com\/en\/wp-json\/wp\/v2\/pages\/1629\/revisions"}],"predecessor-version":[{"id":3750,"href":"https:\/\/lagoon-solution.com\/en\/wp-json\/wp\/v2\/pages\/1629\/revisions\/3750"}],"wp:attachment":[{"href":"https:\/\/lagoon-solution.com\/en\/wp-json\/wp\/v2\/media?parent=1629"}],"curies":[{"name":"wp","href":"https:\/\/api.w.org\/{rel}","templated":true}]}}